{"id":250,"date":"2020-08-20T06:46:39","date_gmt":"2020-08-20T06:46:39","guid":{"rendered":"https:\/\/gabrielfabri.com.br\/?page_id=250"},"modified":"2022-07-14T12:52:20","modified_gmt":"2022-07-14T15:52:20","slug":"home","status":"publish","type":"page","link":"https:\/\/gabrielfabri.com.br\/","title":{"rendered":"Home"},"content":{"rendered":"\n<div class=\"wp-block-group alignwide is-layout-flow wp-block-group-is-layout-flow\">\n<div class=\"wp-block-media-text alignwide has-media-on-the-right is-vertically-aligned-center is-stacked-on-mobile\" style=\"grid-template-columns:auto 43%\"><figure class=\"wp-block-media-text__media\"><img loading=\"lazy\" decoding=\"async\" width=\"642\" height=\"1024\" src=\"https:\/\/gabrielfabri.com.br\/wp-content\/uploads\/2021\/05\/WhatsApp-Image-2020-05-05-at-14.25.28-642x1024.jpeg\" alt=\"\" class=\"wp-image-844 size-full\" srcset=\"https:\/\/gabrielfabri.com.br\/wp-content\/uploads\/2021\/05\/WhatsApp-Image-2020-05-05-at-14.25.28-642x1024.jpeg 642w, https:\/\/gabrielfabri.com.br\/wp-content\/uploads\/2021\/05\/WhatsApp-Image-2020-05-05-at-14.25.28-188x300.jpeg 188w, https:\/\/gabrielfabri.com.br\/wp-content\/uploads\/2021\/05\/WhatsApp-Image-2020-05-05-at-14.25.28.jpeg 705w\" sizes=\"auto, (max-width: 642px) 100vw, 642px\" \/><\/figure><div class=\"wp-block-media-text__content\">\n<h1 class=\"wp-block-heading\">Os Melhores Filmes Estranhos<\/h1>\n\n\n\n<h4 class=\"wp-block-heading\"><strong>O livro que deu origem \u00e0 cinelist oficial do Telecine &#8220;Filmes Fora do Comum&#8221; <\/strong><\/h4>\n\n\n\n<hr class=\"wp-block-separator has-css-opacity is-style-wide\"\/>\n\n\n\n<p>Para quem est\u00e1 cansado das mesmices do cinema atual, a obra&nbsp;<strong><em>Fora do Comum &#8211; Os Melhores Filmes Estranhos<\/em>,<\/strong> de Gabriel Fabri,&nbsp;traz uma colet\u00e2nea com textos sobre alguns dos&nbsp;<strong>filmes mais originais, criativos e diferentes da hist\u00f3ria<\/strong>. Com longas f\u00e1ceis de encontrar nas plataformas de streaming, o livro pretende servir n\u00e3o s\u00f3 de guia, mas tamb\u00e9m instigar reflex\u00f5es sobre esses filmes que, certamente,&nbsp;<strong>dividem opini\u00f5es por conta de suas estranhezas ou ousadias<\/strong>.<\/p>\n\n\n\n<div class=\"wp-block-buttons is-layout-flex wp-block-buttons-is-layout-flex\">\n<div class=\"wp-block-button\"><a class=\"wp-block-button__link\" href=\"https:\/\/amzn.to\/2REw6Gr\" target=\"_blank\" rel=\"# noopener\"><mark style=\"background-color:rgba(0, 0, 0, 0)\" class=\"has-inline-color has-white-color\">Saiba Mais<\/mark><\/a><\/div>\n\n\n\n<div class=\"wp-block-button\"><a class=\"wp-block-button__link\" href=\"https:\/\/www.telecine.com.br\/cinelist\/filmes-fora-do-comum\" target=\"_blank\" rel=\"noreferrer noopener\">Cinelist<\/a><\/div>\n<\/div>\n<\/div><\/div>\n<\/div>\n\n\n\n<div class=\"wp-block-group alignfull has-background is-layout-flow wp-block-group-is-layout-flow\" style=\"background-color:#f8f8f8\">\n<h2 class=\"has-text-align-center wp-block-heading\">Leia no Kindle, PC, Tablet ou Celular<\/h2>\n\n\n\n<p class=\"has-text-align-center\">Para ler os ebooks de Gabriel Fabri, basta ter o aplicativo gratuito Kindle instalado em qualquer dispositivo<\/p>\n\n\n\n<hr class=\"wp-block-separator has-text-color has-black-color has-css-opacity has-black-background-color has-background aligncenter is-style-default\"\/>\n\n\n\n<div class=\"wp-block-buttons alignwide is-content-justification-center is-layout-flex wp-block-buttons-is-layout-flex\">\n<div class=\"wp-block-button\"><a class=\"wp-block-button__link\" href=\"https:\/\/amzn.to\/3fHvwzw\" target=\"_blank\" rel=\"# noopener\">Fora do Comum &#8211; Vol. I<\/a><\/div>\n\n\n\n<div class=\"wp-block-button\"><a class=\"wp-block-button__link\" href=\"https:\/\/amzn.to\/3c5fpLx\" target=\"_blank\" rel=\"# noopener\">Fora do Comum &#8211; Vol. II<\/a><\/div>\n<\/div>\n\n\n\n<div class=\"wp-block-buttons is-layout-flex wp-block-buttons-is-layout-flex\">\n<div class=\"wp-block-button aligncenter\"><a class=\"wp-block-button__link\" href=\"https:\/\/amzn.to\/3o129Nh\" target=\"_blank\" rel=\"noreferrer noopener\">O Pato &#8211; Uma Distopia \u00e0 Brasileira<\/a><\/div>\n<\/div>\n\n\n\n<div class=\"wp-block-buttons alignwide is-content-justification-center is-layout-flex wp-block-buttons-is-layout-flex\">\n<div class=\"wp-block-button\"><a class=\"wp-block-button__link\" href=\"https:\/\/amzn.to\/3hTRfXI\" target=\"_blank\" rel=\"# noopener\"><strong>P\u00e1gina de Autor na Amazon<\/strong><\/a><\/div>\n<\/div>\n<\/div>\n\n\n\n<div class=\"wp-block-group alignfull has-background is-layout-flow wp-block-group-is-layout-flow\" style=\"background-color:#f8f8f8\">\n<div class=\"wp-block-media-text alignwide is-stacked-on-mobile\" style=\"grid-template-columns:39% auto\"><figure class=\"wp-block-media-text__media\"><img loading=\"lazy\" decoding=\"async\" width=\"1024\" height=\"917\" src=\"https:\/\/gabrielfabri.com.br\/wp-content\/uploads\/2021\/05\/WhatsApp-Image-2021-03-23-at-20.14.08-2-1024x917.jpeg\" alt=\"Gabriel Fabri por Ana Di Castro\" class=\"wp-image-846 size-full\" srcset=\"https:\/\/gabrielfabri.com.br\/wp-content\/uploads\/2021\/05\/WhatsApp-Image-2021-03-23-at-20.14.08-2-1024x917.jpeg 1024w, https:\/\/gabrielfabri.com.br\/wp-content\/uploads\/2021\/05\/WhatsApp-Image-2021-03-23-at-20.14.08-2-300x269.jpeg 300w, https:\/\/gabrielfabri.com.br\/wp-content\/uploads\/2021\/05\/WhatsApp-Image-2021-03-23-at-20.14.08-2-768x688.jpeg 768w, https:\/\/gabrielfabri.com.br\/wp-content\/uploads\/2021\/05\/WhatsApp-Image-2021-03-23-at-20.14.08-2.jpeg 1280w\" sizes=\"auto, (max-width: 1024px) 100vw, 1024px\" \/><\/figure><div class=\"wp-block-media-text__content\">\n<h2 class=\"has-text-align-right wp-block-heading\">Gabriel Fabri<\/h2>\n\n\n\n<h5 class=\"has-text-align-right wp-block-heading\">Jornalista especializado em cinema, \u00e9 criador do site <em>Pop with Popcorn<\/em> e j\u00e1 colaborou com Revista Preview e Revista F\u00f3rum. Nas horas vagas, faz aulas de dan\u00e7a e escreve coisas malucas  <\/h5>\n\n\n\n<hr class=\"wp-block-separator has-css-opacity is-style-wide\"\/>\n\n\n\n<p class=\"has-text-align-right\"><strong><a href=\"https:\/\/gabrielfabri.com.br\/?page_id=252\">Confira a minha biografia completa clicando aqui<\/a><\/strong><\/p>\n\n\n\n<p class=\"has-text-align-right\"><a href=\"https:\/\/www.instagram.com\/_gabrielfabri\/\" target=\"_blank\" rel=\"noreferrer noopener\">Instagram<\/a> | <a href=\"https:\/\/www.linkedin.com\/in\/gabriel-fabri\/\" target=\"_blank\" rel=\"noreferrer noopener\">LinkedIn<\/a> | <a href=\"https:\/\/twitter.com\/_gabrielfabri\" target=\"_blank\" rel=\"noreferrer noopener\">Twitter<\/a><br><a href=\"http:\/\/popwithpopcorn.com.br\/\" target=\"_blank\" rel=\"noreferrer noopener\">Acesse o Pop with Popcorn<\/a><\/p>\n<\/div><\/div>\n<\/div>\n\n\n\n<div class=\"wp-block-group is-layout-flow wp-block-group-is-layout-flow\">\n<h3 class=\"has-text-align-center wp-block-heading\">&#8220;A gente passa a vida toda tentando se encaixar em padr\u00f5es, caixinhas criadas por outros para os outros. Eu digo: ser normal n\u00e3o tem gra\u00e7a. Por isso sempre busco o diferente, o mais absurdo, nas minhas obras. &#8216;Estranho&#8217; \u00e9 elogio&#8221;.<\/h3>\n\n\n\n<h5 class=\"has-text-align-center wp-block-heading\">Gabriel Fabri<\/h5>\n<\/div>\n\n\n\n<div class=\"wp-block-columns alignwide is-layout-flex wp-container-core-columns-is-layout-1 wp-block-columns-is-layout-flex\">\n<div class=\"wp-block-column is-layout-flow wp-block-column-is-layout-flow\"><\/div>\n<\/div>\n\n\n\n<hr class=\"wp-block-separator has-text-color has-css-opacity has-background is-style-wide\" style=\"background-color:#e9e9e9;color:#e9e9e9\"\/>\n\n\n\n<div class=\"wp-block-group alignwide is-layout-flow wp-block-group-is-layout-flow\">\n<h2 class=\"has-text-align-center wp-block-heading\">Voc\u00ea tamb\u00e9m vai amar:<\/h2>\n\n\n\n<p class=\"has-text-align-center\">Alguns dos livros de Gabriel Fabri na Amazon<\/p>\n\n\n\n<hr class=\"wp-block-separator has-css-opacity aligncenter is-style-default\"\/>\n\n\n\n<div class=\"wp-block-group is-layout-flow wp-block-group-is-layout-flow\">\n<div class=\"wp-block-columns alignwide is-layout-flex wp-container-core-columns-is-layout-2 wp-block-columns-is-layout-flex\">\n<div class=\"wp-block-column is-layout-flow wp-block-column-is-layout-flow\">\n<figure class=\"wp-block-image size-large\"><a href=\"https:\/\/amzn.to\/3f9bkrn\"><img loading=\"lazy\" decoding=\"async\" width=\"642\" height=\"1024\" src=\"https:\/\/gabrielfabri.com.br\/wp-content\/uploads\/2021\/05\/WhatsApp-Image-2020-05-05-at-14.25.28-642x1024.jpeg\" alt=\"Gabriel Fabri livro &quot;Fora do Comum - Os melhores filmes estranhos&quot; \" class=\"wp-image-844\" srcset=\"https:\/\/gabrielfabri.com.br\/wp-content\/uploads\/2021\/05\/WhatsApp-Image-2020-05-05-at-14.25.28-642x1024.jpeg 642w, https:\/\/gabrielfabri.com.br\/wp-content\/uploads\/2021\/05\/WhatsApp-Image-2020-05-05-at-14.25.28-188x300.jpeg 188w, https:\/\/gabrielfabri.com.br\/wp-content\/uploads\/2021\/05\/WhatsApp-Image-2020-05-05-at-14.25.28.jpeg 705w\" sizes=\"auto, (max-width: 642px) 100vw, 642px\" \/><\/a><\/figure>\n\n\n\n<h3 class=\"wp-block-heading\">Fora do Comum &#8211; Os Melhores Filmes Estranhos<\/h3>\n\n\n\n<h5 class=\"wp-block-heading\">Gabriel Fabri<\/h5>\n\n\n\n<p><strong>O livro que deu origem \u00e0 cinelist oficial do Telecine &#8220;Filmes Fora do Comum&#8221;<\/strong>. Para quem est\u00e1 cansado das mesmices do cinema atual, a obra <em>Fora do Comum &#8211; Os Melhores Filmes Estranhos<\/em> traz uma colet\u00e2nea com textos sobre alguns dos filmes mais originais, criativos e diferentes da hist\u00f3ria.\u2026<\/p>\n\n\n\n<p class=\"has-black-color has-text-color\"><strong><a href=\"https:\/\/amzn.to\/3f9bkrn\" target=\"_blank\" rel=\"noreferrer noopener\">Saiba Mais<\/a><\/strong><\/p>\n<\/div>\n\n\n\n<div class=\"wp-block-column is-layout-flow wp-block-column-is-layout-flow\">\n<figure class=\"wp-block-image size-large\"><a href=\"https:\/\/amzn.to\/3496wMj\"><img loading=\"lazy\" decoding=\"async\" width=\"642\" height=\"1024\" src=\"https:\/\/gabrielfabri.com.br\/wp-content\/uploads\/2021\/05\/WhatsApp-Image-2020-10-18-at-17.34.47-642x1024.jpeg\" alt=\"Gabriel Fabri livro &quot;Fora do Comum - Vol. II: Filmes Ainda Mais Estranhos&quot;\" class=\"wp-image-874\" srcset=\"https:\/\/gabrielfabri.com.br\/wp-content\/uploads\/2021\/05\/WhatsApp-Image-2020-10-18-at-17.34.47-642x1024.jpeg 642w, https:\/\/gabrielfabri.com.br\/wp-content\/uploads\/2021\/05\/WhatsApp-Image-2020-10-18-at-17.34.47-188x300.jpeg 188w, https:\/\/gabrielfabri.com.br\/wp-content\/uploads\/2021\/05\/WhatsApp-Image-2020-10-18-at-17.34.47.jpeg 705w\" sizes=\"auto, (max-width: 642px) 100vw, 642px\" \/><\/a><\/figure>\n\n\n\n<h3 class=\"wp-block-heading\">Fora do Comum &#8211; Vol. II: Filmes Ainda Mais Estranhos<\/h3>\n\n\n\n<h5 class=\"wp-block-heading\">Gabriel Fabri<\/h5>\n\n\n\n<p>Esse Vol. 2 continua o trabalho iniciado em<em> Fora do Comum &#8211; Os Melhores Filmes Estranhos <\/em>em buscar filmes que \u201cpensam fora da caixa\u201d, como diz a express\u00e3o em ingl\u00eas que indica criatividade.<\/p>\n\n\n\n<p class=\"has-black-color has-text-color\"><strong><a href=\"https:\/\/amzn.to\/3496wMj\" target=\"_blank\" rel=\"noreferrer noopener\">Saiba Mais<\/a><\/strong><\/p>\n<\/div>\n\n\n\n<div class=\"wp-block-column is-layout-flow wp-block-column-is-layout-flow\">\n<figure class=\"wp-block-image size-large is-resized\"><a href=\"https:\/\/amzn.to\/3vgpQ6r\"><img loading=\"lazy\" decoding=\"async\" src=\"https:\/\/gabrielfabri.com.br\/wp-content\/uploads\/2021\/05\/41IT2uGSaJL.jpg\" alt=\"Livro de Gabriel Fabri e Giulia Covre Cinema Para Toda a Vida\" class=\"wp-image-875\" width=\"424\" height=\"594\" srcset=\"https:\/\/gabrielfabri.com.br\/wp-content\/uploads\/2021\/05\/41IT2uGSaJL.jpg 357w, https:\/\/gabrielfabri.com.br\/wp-content\/uploads\/2021\/05\/41IT2uGSaJL-214x300.jpg 214w\" sizes=\"auto, (max-width: 424px) 100vw, 424px\" \/><\/a><\/figure>\n\n\n\n<h3 class=\"wp-block-heading\">Cinema Para Toda a Vida: A Trajet\u00f3ria de Seis Cr\u00edticos de Cinema Brasileiros <\/h3>\n\n\n\n<h5 class=\"wp-block-heading\">Gabriel Fabri e Giulia Covre<\/h5>\n\n\n\n<p>Entenda melhor a cr\u00edtica de cinema a partir de entrevistas com os mestres Rubens Ewald Filho, In\u00e1cio Ara\u00fajo, Isabela Boscov, Luiz Carlos Merten, S\u00e9rgio Rizzo e Suzana Uch\u00f4a Itiber\u00ea. Com pref\u00e1cio de Andr\u00e9 Sturm.<\/p>\n\n\n\n<p class=\"has-black-color has-text-color\"><strong><a href=\"https:\/\/amzn.to\/3vgpQ6r\" target=\"_blank\" rel=\"noreferrer noopener\">Saiba Mais<\/a><\/strong><\/p>\n<\/div>\n<\/div>\n<\/div>\n<\/div>\n\n\n\n<p><\/p>\n","protected":false},"excerpt":{"rendered":"<p>Os Melhores Filmes Estranhos O livro que deu origem \u00e0 cinelist oficial do Telecine &#8220;Filmes Fora do Comum&#8221; Para quem est\u00e1 cansado das mesmices do cinema atual, a obra&nbsp;Fora do Comum &#8211; Os Melhores Filmes Estranhos, de Gabriel Fabri,&nbsp;traz uma colet\u00e2nea com textos sobre alguns dos&nbsp;filmes mais originais, criativos e diferentes da hist\u00f3ria. Com longas [&hellip;]<\/p>\n","protected":false},"author":1,"featured_media":0,"parent":0,"menu_order":0,"comment_status":"closed","ping_status":"closed","template":"","meta":{"om_disable_all_campaigns":false,"_monsterinsights_skip_tracking":false,"_monsterinsights_sitenote_active":false,"_monsterinsights_sitenote_note":"","_monsterinsights_sitenote_category":0,"site-sidebar-layout":"no-sidebar","site-content-layout":"plain-container","ast-site-content-layout":"","site-content-style":"default","site-sidebar-style":"default","ast-global-header-display":"","ast-banner-title-visibility":"","ast-main-header-display":"","ast-hfb-above-header-display":"","ast-hfb-below-header-display":"","ast-hfb-mobile-header-display":"","site-post-title":"disabled","ast-breadcrumbs-content":"","ast-featured-img":"disabled","footer-sml-layout":"","theme-transparent-header-meta":"default","adv-header-id-meta":"","stick-header-meta":"","header-above-stick-meta":"","header-main-stick-meta":"","header-below-stick-meta":"","astra-migrate-meta-layouts":"default","ast-page-background-enabled":"default","ast-page-background-meta":{"desktop":{"background-color":"var(--ast-global-color-4)","background-image":"","background-repeat":"repeat","background-position":"center center","background-size":"auto","background-attachment":"scroll","background-type":"","background-media":"","overlay-type":"","overlay-color":"","overlay-opacity":"","overlay-gradient":""},"tablet":{"background-color":"","background-image":"","background-repeat":"repeat","background-position":"center center","background-size":"auto","background-attachment":"scroll","background-type":"","background-media":"","overlay-type":"","overlay-color":"","overlay-opacity":"","overlay-gradient":""},"mobile":{"background-color":"","background-image":"","background-repeat":"repeat","background-position":"center center","background-size":"auto","background-attachment":"scroll","background-type":"","background-media":"","overlay-type":"","overlay-color":"","overlay-opacity":"","overlay-gradient":""}},"ast-content-background-meta":{"desktop":{"background-color":"var(--ast-global-color-5)","background-image":"","background-repeat":"repeat","background-position":"center center","background-size":"auto","background-attachment":"scroll","background-type":"","background-media":"","overlay-type":"","overlay-color":"","overlay-opacity":"","overlay-gradient":""},"tablet":{"background-color":"var(--ast-global-color-5)","background-image":"","background-repeat":"repeat","background-position":"center center","background-size":"auto","background-attachment":"scroll","background-type":"","background-media":"","overlay-type":"","overlay-color":"","overlay-opacity":"","overlay-gradient":""},"mobile":{"background-color":"var(--ast-global-color-5)","background-image":"","background-repeat":"repeat","background-position":"center center","background-size":"auto","background-attachment":"scroll","background-type":"","background-media":"","overlay-type":"","overlay-color":"","overlay-opacity":"","overlay-gradient":""}},"footnotes":""},"class_list":["post-250","page","type-page","status-publish","hentry"],"yoast_head":"<!-- This site is optimized with the Yoast SEO plugin v24.7 - https:\/\/yoast.com\/wordpress\/plugins\/seo\/ -->\n<title>Home - Gabriel Fabri<\/title>\n<meta name=\"description\" content=\"Site oficial do escritor e jornalista Gabriel Fabri, autor de &quot;Fora do Comum - Os Melhores Filmes Estranhos&quot;. Saiba mais sobre o autor!\" \/>\n<meta name=\"robots\" content=\"index, follow, max-snippet:-1, max-image-preview:large, max-video-preview:-1\" \/>\n<link rel=\"canonical\" href=\"https:\/\/gabrielfabri.com.br\/\" \/>\n<meta property=\"og:locale\" content=\"en_US\" \/>\n<meta property=\"og:type\" content=\"article\" \/>\n<meta property=\"og:title\" content=\"Home - Gabriel Fabri\" \/>\n<meta property=\"og:description\" content=\"Site oficial do escritor e jornalista Gabriel Fabri, autor de &quot;Fora do Comum - Os Melhores Filmes Estranhos&quot;. Saiba mais sobre o autor!\" \/>\n<meta property=\"og:url\" content=\"https:\/\/gabrielfabri.com.br\/\" \/>\n<meta property=\"og:site_name\" content=\"Gabriel Fabri\" \/>\n<meta property=\"article:modified_time\" content=\"2022-07-14T15:52:20+00:00\" \/>\n<meta property=\"og:image\" content=\"https:\/\/gabrielfabri.com.br\/wp-content\/uploads\/2021\/05\/WhatsApp-Image-2020-05-05-at-14.25.28-642x1024.jpeg\" \/>\n<meta name=\"twitter:card\" content=\"summary_large_image\" \/>\n<meta name=\"twitter:label1\" content=\"Est. reading time\" \/>\n\t<meta name=\"twitter:data1\" content=\"3 minutes\" \/>\n<script type=\"application\/ld+json\" class=\"yoast-schema-graph\">{\"@context\":\"https:\/\/schema.org\",\"@graph\":[{\"@type\":\"WebPage\",\"@id\":\"https:\/\/gabrielfabri.com.br\/\",\"url\":\"https:\/\/gabrielfabri.com.br\/\",\"name\":\"Home - Gabriel Fabri\",\"isPartOf\":{\"@id\":\"https:\/\/gabrielfabri.com.br\/#website\"},\"primaryImageOfPage\":{\"@id\":\"https:\/\/gabrielfabri.com.br\/#primaryimage\"},\"image\":{\"@id\":\"https:\/\/gabrielfabri.com.br\/#primaryimage\"},\"thumbnailUrl\":\"https:\/\/gabrielfabri.com.br\/wp-content\/uploads\/2021\/05\/WhatsApp-Image-2020-05-05-at-14.25.28-642x1024.jpeg\",\"datePublished\":\"2020-08-20T06:46:39+00:00\",\"dateModified\":\"2022-07-14T15:52:20+00:00\",\"description\":\"Site oficial do escritor e jornalista Gabriel Fabri, autor de \\\"Fora do Comum - Os Melhores Filmes Estranhos\\\". Saiba mais sobre o autor!\",\"breadcrumb\":{\"@id\":\"https:\/\/gabrielfabri.com.br\/#breadcrumb\"},\"inLanguage\":\"en-US\",\"potentialAction\":[{\"@type\":\"ReadAction\",\"target\":[\"https:\/\/gabrielfabri.com.br\/\"]}]},{\"@type\":\"ImageObject\",\"inLanguage\":\"en-US\",\"@id\":\"https:\/\/gabrielfabri.com.br\/#primaryimage\",\"url\":\"https:\/\/gabrielfabri.com.br\/wp-content\/uploads\/2021\/05\/WhatsApp-Image-2020-05-05-at-14.25.28.jpeg\",\"contentUrl\":\"https:\/\/gabrielfabri.com.br\/wp-content\/uploads\/2021\/05\/WhatsApp-Image-2020-05-05-at-14.25.28.jpeg\",\"width\":705,\"height\":1125},{\"@type\":\"BreadcrumbList\",\"@id\":\"https:\/\/gabrielfabri.com.br\/#breadcrumb\",\"itemListElement\":[{\"@type\":\"ListItem\",\"position\":1,\"name\":\"In\u00edcio\",\"item\":\"https:\/\/gabrielfabri.com.br\/\"},{\"@type\":\"ListItem\",\"position\":2,\"name\":\"Home\"}]},{\"@type\":\"WebSite\",\"@id\":\"https:\/\/gabrielfabri.com.br\/#website\",\"url\":\"https:\/\/gabrielfabri.com.br\/\",\"name\":\"Gabriel Fabri\",\"description\":\"Escritor e Jornalista\",\"potentialAction\":[{\"@type\":\"SearchAction\",\"target\":{\"@type\":\"EntryPoint\",\"urlTemplate\":\"https:\/\/gabrielfabri.com.br\/?s={search_term_string}\"},\"query-input\":{\"@type\":\"PropertyValueSpecification\",\"valueRequired\":true,\"valueName\":\"search_term_string\"}}],\"inLanguage\":\"en-US\"}]}<\/script>\n<!-- \/ Yoast SEO plugin. -->","yoast_head_json":{"title":"Home - Gabriel Fabri","description":"Site oficial do escritor e jornalista Gabriel Fabri, autor de \"Fora do Comum - Os Melhores Filmes Estranhos\". Saiba mais sobre o autor!","robots":{"index":"index","follow":"follow","max-snippet":"max-snippet:-1","max-image-preview":"max-image-preview:large","max-video-preview":"max-video-preview:-1"},"canonical":"https:\/\/gabrielfabri.com.br\/","og_locale":"en_US","og_type":"article","og_title":"Home - Gabriel Fabri","og_description":"Site oficial do escritor e jornalista Gabriel Fabri, autor de \"Fora do Comum - Os Melhores Filmes Estranhos\". Saiba mais sobre o autor!","og_url":"https:\/\/gabrielfabri.com.br\/","og_site_name":"Gabriel Fabri","article_modified_time":"2022-07-14T15:52:20+00:00","og_image":[{"url":"https:\/\/gabrielfabri.com.br\/wp-content\/uploads\/2021\/05\/WhatsApp-Image-2020-05-05-at-14.25.28-642x1024.jpeg","type":"","width":"","height":""}],"twitter_card":"summary_large_image","twitter_misc":{"Est. reading time":"3 minutes"},"schema":{"@context":"https:\/\/schema.org","@graph":[{"@type":"WebPage","@id":"https:\/\/gabrielfabri.com.br\/","url":"https:\/\/gabrielfabri.com.br\/","name":"Home - Gabriel Fabri","isPartOf":{"@id":"https:\/\/gabrielfabri.com.br\/#website"},"primaryImageOfPage":{"@id":"https:\/\/gabrielfabri.com.br\/#primaryimage"},"image":{"@id":"https:\/\/gabrielfabri.com.br\/#primaryimage"},"thumbnailUrl":"https:\/\/gabrielfabri.com.br\/wp-content\/uploads\/2021\/05\/WhatsApp-Image-2020-05-05-at-14.25.28-642x1024.jpeg","datePublished":"2020-08-20T06:46:39+00:00","dateModified":"2022-07-14T15:52:20+00:00","description":"Site oficial do escritor e jornalista Gabriel Fabri, autor de \"Fora do Comum - Os Melhores Filmes Estranhos\". Saiba mais sobre o autor!","breadcrumb":{"@id":"https:\/\/gabrielfabri.com.br\/#breadcrumb"},"inLanguage":"en-US","potentialAction":[{"@type":"ReadAction","target":["https:\/\/gabrielfabri.com.br\/"]}]},{"@type":"ImageObject","inLanguage":"en-US","@id":"https:\/\/gabrielfabri.com.br\/#primaryimage","url":"https:\/\/gabrielfabri.com.br\/wp-content\/uploads\/2021\/05\/WhatsApp-Image-2020-05-05-at-14.25.28.jpeg","contentUrl":"https:\/\/gabrielfabri.com.br\/wp-content\/uploads\/2021\/05\/WhatsApp-Image-2020-05-05-at-14.25.28.jpeg","width":705,"height":1125},{"@type":"BreadcrumbList","@id":"https:\/\/gabrielfabri.com.br\/#breadcrumb","itemListElement":[{"@type":"ListItem","position":1,"name":"In\u00edcio","item":"https:\/\/gabrielfabri.com.br\/"},{"@type":"ListItem","position":2,"name":"Home"}]},{"@type":"WebSite","@id":"https:\/\/gabrielfabri.com.br\/#website","url":"https:\/\/gabrielfabri.com.br\/","name":"Gabriel Fabri","description":"Escritor e Jornalista","potentialAction":[{"@type":"SearchAction","target":{"@type":"EntryPoint","urlTemplate":"https:\/\/gabrielfabri.com.br\/?s={search_term_string}"},"query-input":{"@type":"PropertyValueSpecification","valueRequired":true,"valueName":"search_term_string"}}],"inLanguage":"en-US"}]}},"_links":{"self":[{"href":"https:\/\/gabrielfabri.com.br\/index.php?rest_route=\/wp\/v2\/pages\/250","targetHints":{"allow":["GET"]}}],"collection":[{"href":"https:\/\/gabrielfabri.com.br\/index.php?rest_route=\/wp\/v2\/pages"}],"about":[{"href":"https:\/\/gabrielfabri.com.br\/index.php?rest_route=\/wp\/v2\/types\/page"}],"author":[{"embeddable":true,"href":"https:\/\/gabrielfabri.com.br\/index.php?rest_route=\/wp\/v2\/users\/1"}],"replies":[{"embeddable":true,"href":"https:\/\/gabrielfabri.com.br\/index.php?rest_route=%2Fwp%2Fv2%2Fcomments&post=250"}],"version-history":[{"count":24,"href":"https:\/\/gabrielfabri.com.br\/index.php?rest_route=\/wp\/v2\/pages\/250\/revisions"}],"predecessor-version":[{"id":987,"href":"https:\/\/gabrielfabri.com.br\/index.php?rest_route=\/wp\/v2\/pages\/250\/revisions\/987"}],"wp:attachment":[{"href":"https:\/\/gabrielfabri.com.br\/index.php?rest_route=%2Fwp%2Fv2%2Fmedia&parent=250"}],"curies":[{"name":"wp","href":"https:\/\/api.w.org\/{rel}","templated":true}]}}