{"id":829,"date":"2021-05-22T18:11:43","date_gmt":"2021-05-22T21:11:43","guid":{"rendered":"https:\/\/gabrielfabri.com.br\/?page_id=829"},"modified":"2021-05-23T16:59:29","modified_gmt":"2021-05-23T19:59:29","slug":"meus-livros","status":"publish","type":"page","link":"https:\/\/gabrielfabri.com.br\/?page_id=829","title":{"rendered":"Meus Livros"},"content":{"rendered":"\n<div class=\"wp-block-group alignfull\"><div class=\"wp-block-group__inner-container is-layout-flow wp-block-group-is-layout-flow\">\n<div class=\"wp-block-columns alignfull is-layout-flex wp-container-core-columns-is-layout-1 wp-block-columns-is-layout-flex\">\n<div class=\"wp-block-column is-layout-flow wp-block-column-is-layout-flow\">\n<figure class=\"wp-block-image size-large\"><img loading=\"lazy\" decoding=\"async\" width=\"642\" height=\"1024\" src=\"https:\/\/gabrielfabri.com.br\/wp-content\/uploads\/2021\/05\/WhatsApp-Image-2020-05-05-at-14.25.28-642x1024.jpeg\" alt=\"\" class=\"wp-image-844\" srcset=\"https:\/\/gabrielfabri.com.br\/wp-content\/uploads\/2021\/05\/WhatsApp-Image-2020-05-05-at-14.25.28-642x1024.jpeg 642w, https:\/\/gabrielfabri.com.br\/wp-content\/uploads\/2021\/05\/WhatsApp-Image-2020-05-05-at-14.25.28-188x300.jpeg 188w, https:\/\/gabrielfabri.com.br\/wp-content\/uploads\/2021\/05\/WhatsApp-Image-2020-05-05-at-14.25.28.jpeg 705w\" sizes=\"auto, (max-width: 642px) 100vw, 642px\" \/><\/figure>\n\n\n\n<h3 class=\"wp-block-heading\">Fora do Comum \u2013 Os Melhores Filmes Estranhos<\/h3>\n\n\n\n<h5 class=\"wp-block-heading\">Gabriel Fabri<\/h5>\n\n\n\n<p><strong>O livro que deu origem \u00e0 cinelist oficial do Telecine \u201cFilmes Fora do Comum\u201d<\/strong>. Para quem est\u00e1 cansado das mesmices do cinema atual, a obra&nbsp;<em>Fora do Comum \u2013 Os Melhores Filmes Estranhos<\/em>&nbsp;traz uma colet\u00e2nea com textos sobre alguns dos filmes mais originais, criativos e diferentes da hist\u00f3ria.\u2026<\/p>\n\n\n\n<p class=\"has-black-color has-text-color\"><strong><a href=\"https:\/\/amzn.to\/3f9bkrn\" target=\"_blank\" rel=\"noreferrer noopener\">Saiba Mais<\/a><\/strong><\/p>\n<\/div>\n\n\n\n<div class=\"wp-block-column is-layout-flow wp-block-column-is-layout-flow\">\n<figure class=\"wp-block-image size-large\"><img loading=\"lazy\" decoding=\"async\" width=\"642\" height=\"1024\" src=\"https:\/\/gabrielfabri.com.br\/wp-content\/uploads\/2021\/05\/WhatsApp-Image-2020-10-18-at-17.34.47-642x1024.jpeg\" alt=\"\" class=\"wp-image-874\" srcset=\"https:\/\/gabrielfabri.com.br\/wp-content\/uploads\/2021\/05\/WhatsApp-Image-2020-10-18-at-17.34.47-642x1024.jpeg 642w, https:\/\/gabrielfabri.com.br\/wp-content\/uploads\/2021\/05\/WhatsApp-Image-2020-10-18-at-17.34.47-188x300.jpeg 188w, https:\/\/gabrielfabri.com.br\/wp-content\/uploads\/2021\/05\/WhatsApp-Image-2020-10-18-at-17.34.47.jpeg 705w\" sizes=\"auto, (max-width: 642px) 100vw, 642px\" \/><\/figure>\n\n\n\n<h3 class=\"wp-block-heading\">Fora do Comum \u2013 Vol. II: Filmes Ainda Mais Estranhos<\/h3>\n\n\n\n<h5 class=\"wp-block-heading\">Gabriel Fabri<\/h5>\n\n\n\n<p>Esse Vol. 2 continua o trabalho iniciado em<em>&nbsp;Fora do Comum \u2013 Os Melhores Filmes Estranhos&nbsp;<\/em>em buscar filmes que \u201cpensam fora da caixa\u201d, como diz a express\u00e3o em ingl\u00eas que indica criatividade.<\/p>\n\n\n\n<p class=\"has-black-color has-text-color\"><strong><a href=\"https:\/\/amzn.to\/3496wMj\">Saiba Mais<\/a><\/strong><\/p>\n<\/div>\n\n\n\n<div class=\"wp-block-column is-layout-flow wp-block-column-is-layout-flow\">\n<figure class=\"wp-block-image size-large is-resized\"><img loading=\"lazy\" decoding=\"async\" src=\"https:\/\/gabrielfabri.com.br\/wp-content\/uploads\/2021\/05\/41IT2uGSaJL.jpg\" alt=\"\" class=\"wp-image-875\" width=\"487\" height=\"682\" srcset=\"https:\/\/gabrielfabri.com.br\/wp-content\/uploads\/2021\/05\/41IT2uGSaJL.jpg 357w, https:\/\/gabrielfabri.com.br\/wp-content\/uploads\/2021\/05\/41IT2uGSaJL-214x300.jpg 214w\" sizes=\"auto, (max-width: 487px) 100vw, 487px\" \/><\/figure>\n\n\n\n<h3 class=\"wp-block-heading\">Cinema Para Toda a Vida: A Trajet\u00f3ria de Seis Cr\u00edticos de Cinema Brasileiros<\/h3>\n\n\n\n<h5 class=\"wp-block-heading\">Gabriel Fabri e Giulia Covre<\/h5>\n\n\n\n<p>Entenda melhor a cr\u00edtica de cinema a partir de entrevistas com os mestres Rubens Ewald Filho, In\u00e1cio Ara\u00fajo, Isabela Boscov, Luiz Carlos Merten, S\u00e9rgio Rizzo e Suzana Uch\u00f4a Itiber\u00ea. Com pref\u00e1cio de Andr\u00e9 Sturm.<\/p>\n\n\n\n<p class=\"has-black-color has-text-color\"><strong><a href=\"https:\/\/amzn.to\/3vgpQ6r\" target=\"_blank\" rel=\"noreferrer noopener\">Saiba Mais<\/a><\/strong><\/p>\n<\/div>\n<\/div>\n<\/div><\/div>\n\n\n\n<hr class=\"wp-block-separator has-text-color has-background is-style-wide\" style=\"background-color:#e9e9e9;color:#e9e9e9\"\/>\n\n\n\n<div class=\"wp-block-group alignfull\"><div class=\"wp-block-group__inner-container is-layout-flow wp-block-group-is-layout-flow\">\n<div class=\"wp-block-columns alignfull is-layout-flex wp-container-core-columns-is-layout-2 wp-block-columns-is-layout-flex\"><\/div>\n<\/div><\/div>\n","protected":false},"excerpt":{"rendered":"<p>Fora do Comum \u2013 Os Melhores Filmes Estranhos Gabriel Fabri O livro que deu origem \u00e0 cinelist oficial do Telecine \u201cFilmes Fora do Comum\u201d. Para quem est\u00e1 cansado das mesmices do cinema atual, a obra&nbsp;Fora do Comum \u2013 Os Melhores Filmes Estranhos&nbsp;traz uma colet\u00e2nea com textos sobre alguns dos filmes mais originais, criativos e diferentes [&hellip;]<\/p>\n","protected":false},"author":1,"featured_media":0,"parent":0,"menu_order":0,"comment_status":"closed","ping_status":"closed","template":"","meta":{"om_disable_all_campaigns":false,"_monsterinsights_skip_tracking":false,"_monsterinsights_sitenote_active":false,"_monsterinsights_sitenote_note":"","_monsterinsights_sitenote_category":0,"site-sidebar-layout":"default","site-content-layout":"default","ast-site-content-layout":"","site-content-style":"default","site-sidebar-style":"default","ast-global-header-display":"","ast-banner-title-visibility":"","ast-main-header-display":"","ast-hfb-above-header-display":"","ast-hfb-below-header-display":"","ast-hfb-mobile-header-display":"","site-post-title":"","ast-breadcrumbs-content":"","ast-featured-img":"","footer-sml-layout":"","theme-transparent-header-meta":"default","adv-header-id-meta":"","stick-header-meta":"","header-above-stick-meta":"","header-main-stick-meta":"","header-below-stick-meta":"","astra-migrate-meta-layouts":"default","ast-page-background-enabled":"default","ast-page-background-meta":{"desktop":{"background-color":"var(--ast-global-color-4)","background-image":"","background-repeat":"repeat","background-position":"center center","background-size":"auto","background-attachment":"scroll","background-type":"","background-media":"","overlay-type":"","overlay-color":"","overlay-opacity":"","overlay-gradient":""},"tablet":{"background-color":"","background-image":"","background-repeat":"repeat","background-position":"center center","background-size":"auto","background-attachment":"scroll","background-type":"","background-media":"","overlay-type":"","overlay-color":"","overlay-opacity":"","overlay-gradient":""},"mobile":{"background-color":"","background-image":"","background-repeat":"repeat","background-position":"center center","background-size":"auto","background-attachment":"scroll","background-type":"","background-media":"","overlay-type":"","overlay-color":"","overlay-opacity":"","overlay-gradient":""}},"ast-content-background-meta":{"desktop":{"background-color":"var(--ast-global-color-5)","background-image":"","background-repeat":"repeat","background-position":"center center","background-size":"auto","background-attachment":"scroll","background-type":"","background-media":"","overlay-type":"","overlay-color":"","overlay-opacity":"","overlay-gradient":""},"tablet":{"background-color":"var(--ast-global-color-5)","background-image":"","background-repeat":"repeat","background-position":"center center","background-size":"auto","background-attachment":"scroll","background-type":"","background-media":"","overlay-type":"","overlay-color":"","overlay-opacity":"","overlay-gradient":""},"mobile":{"background-color":"var(--ast-global-color-5)","background-image":"","background-repeat":"repeat","background-position":"center center","background-size":"auto","background-attachment":"scroll","background-type":"","background-media":"","overlay-type":"","overlay-color":"","overlay-opacity":"","overlay-gradient":""}},"footnotes":""},"class_list":["post-829","page","type-page","status-publish","hentry"],"yoast_head":"<!-- This site is optimized with the Yoast SEO plugin v24.7 - https:\/\/yoast.com\/wordpress\/plugins\/seo\/ -->\n<title>Meus Livros - Gabriel Fabri<\/title>\n<meta name=\"robots\" content=\"index, follow, max-snippet:-1, max-image-preview:large, max-video-preview:-1\" \/>\n<link rel=\"canonical\" href=\"https:\/\/www.gabrielfabri.com.br\/?page_id=829\" \/>\n<meta property=\"og:locale\" content=\"en_US\" \/>\n<meta property=\"og:type\" content=\"article\" \/>\n<meta property=\"og:title\" content=\"Meus Livros - Gabriel Fabri\" \/>\n<meta property=\"og:description\" content=\"Fora do Comum \u2013 Os Melhores Filmes Estranhos Gabriel Fabri O livro que deu origem \u00e0 cinelist oficial do Telecine \u201cFilmes Fora do Comum\u201d. Para quem est\u00e1 cansado das mesmices do cinema atual, a obra&nbsp;Fora do Comum \u2013 Os Melhores Filmes Estranhos&nbsp;traz uma colet\u00e2nea com textos sobre alguns dos filmes mais originais, criativos e diferentes [&hellip;]\" \/>\n<meta property=\"og:url\" content=\"https:\/\/www.gabrielfabri.com.br\/?page_id=829\" \/>\n<meta property=\"og:site_name\" content=\"Gabriel Fabri\" \/>\n<meta property=\"article:modified_time\" content=\"2021-05-23T19:59:29+00:00\" \/>\n<meta property=\"og:image\" content=\"https:\/\/gabrielfabri.com.br\/wp-content\/uploads\/2021\/05\/WhatsApp-Image-2020-05-05-at-14.25.28-642x1024.jpeg\" \/>\n<meta name=\"twitter:card\" content=\"summary_large_image\" \/>\n<meta name=\"twitter:label1\" content=\"Est. reading time\" \/>\n\t<meta name=\"twitter:data1\" content=\"2 minutes\" \/>\n<script type=\"application\/ld+json\" class=\"yoast-schema-graph\">{\"@context\":\"https:\/\/schema.org\",\"@graph\":[{\"@type\":\"WebPage\",\"@id\":\"https:\/\/www.gabrielfabri.com.br\/?page_id=829\",\"url\":\"https:\/\/www.gabrielfabri.com.br\/?page_id=829\",\"name\":\"Meus Livros - Gabriel Fabri\",\"isPartOf\":{\"@id\":\"https:\/\/gabrielfabri.com.br\/#website\"},\"primaryImageOfPage\":{\"@id\":\"https:\/\/www.gabrielfabri.com.br\/?page_id=829#primaryimage\"},\"image\":{\"@id\":\"https:\/\/www.gabrielfabri.com.br\/?page_id=829#primaryimage\"},\"thumbnailUrl\":\"https:\/\/gabrielfabri.com.br\/wp-content\/uploads\/2021\/05\/WhatsApp-Image-2020-05-05-at-14.25.28-642x1024.jpeg\",\"datePublished\":\"2021-05-22T21:11:43+00:00\",\"dateModified\":\"2021-05-23T19:59:29+00:00\",\"breadcrumb\":{\"@id\":\"https:\/\/www.gabrielfabri.com.br\/?page_id=829#breadcrumb\"},\"inLanguage\":\"en-US\",\"potentialAction\":[{\"@type\":\"ReadAction\",\"target\":[\"https:\/\/www.gabrielfabri.com.br\/?page_id=829\"]}]},{\"@type\":\"ImageObject\",\"inLanguage\":\"en-US\",\"@id\":\"https:\/\/www.gabrielfabri.com.br\/?page_id=829#primaryimage\",\"url\":\"https:\/\/gabrielfabri.com.br\/wp-content\/uploads\/2021\/05\/WhatsApp-Image-2020-05-05-at-14.25.28.jpeg\",\"contentUrl\":\"https:\/\/gabrielfabri.com.br\/wp-content\/uploads\/2021\/05\/WhatsApp-Image-2020-05-05-at-14.25.28.jpeg\",\"width\":705,\"height\":1125},{\"@type\":\"BreadcrumbList\",\"@id\":\"https:\/\/www.gabrielfabri.com.br\/?page_id=829#breadcrumb\",\"itemListElement\":[{\"@type\":\"ListItem\",\"position\":1,\"name\":\"In\u00edcio\",\"item\":\"https:\/\/gabrielfabri.com.br\/\"},{\"@type\":\"ListItem\",\"position\":2,\"name\":\"Meus Livros\"}]},{\"@type\":\"WebSite\",\"@id\":\"https:\/\/gabrielfabri.com.br\/#website\",\"url\":\"https:\/\/gabrielfabri.com.br\/\",\"name\":\"Gabriel Fabri\",\"description\":\"Escritor e Jornalista\",\"potentialAction\":[{\"@type\":\"SearchAction\",\"target\":{\"@type\":\"EntryPoint\",\"urlTemplate\":\"https:\/\/gabrielfabri.com.br\/?s={search_term_string}\"},\"query-input\":{\"@type\":\"PropertyValueSpecification\",\"valueRequired\":true,\"valueName\":\"search_term_string\"}}],\"inLanguage\":\"en-US\"}]}<\/script>\n<!-- \/ Yoast SEO plugin. -->","yoast_head_json":{"title":"Meus Livros - Gabriel Fabri","robots":{"index":"index","follow":"follow","max-snippet":"max-snippet:-1","max-image-preview":"max-image-preview:large","max-video-preview":"max-video-preview:-1"},"canonical":"https:\/\/www.gabrielfabri.com.br\/?page_id=829","og_locale":"en_US","og_type":"article","og_title":"Meus Livros - Gabriel Fabri","og_description":"Fora do Comum \u2013 Os Melhores Filmes Estranhos Gabriel Fabri O livro que deu origem \u00e0 cinelist oficial do Telecine \u201cFilmes Fora do Comum\u201d. Para quem est\u00e1 cansado das mesmices do cinema atual, a obra&nbsp;Fora do Comum \u2013 Os Melhores Filmes Estranhos&nbsp;traz uma colet\u00e2nea com textos sobre alguns dos filmes mais originais, criativos e diferentes [&hellip;]","og_url":"https:\/\/www.gabrielfabri.com.br\/?page_id=829","og_site_name":"Gabriel Fabri","article_modified_time":"2021-05-23T19:59:29+00:00","og_image":[{"url":"https:\/\/gabrielfabri.com.br\/wp-content\/uploads\/2021\/05\/WhatsApp-Image-2020-05-05-at-14.25.28-642x1024.jpeg","type":"","width":"","height":""}],"twitter_card":"summary_large_image","twitter_misc":{"Est. reading time":"2 minutes"},"schema":{"@context":"https:\/\/schema.org","@graph":[{"@type":"WebPage","@id":"https:\/\/www.gabrielfabri.com.br\/?page_id=829","url":"https:\/\/www.gabrielfabri.com.br\/?page_id=829","name":"Meus Livros - Gabriel Fabri","isPartOf":{"@id":"https:\/\/gabrielfabri.com.br\/#website"},"primaryImageOfPage":{"@id":"https:\/\/www.gabrielfabri.com.br\/?page_id=829#primaryimage"},"image":{"@id":"https:\/\/www.gabrielfabri.com.br\/?page_id=829#primaryimage"},"thumbnailUrl":"https:\/\/gabrielfabri.com.br\/wp-content\/uploads\/2021\/05\/WhatsApp-Image-2020-05-05-at-14.25.28-642x1024.jpeg","datePublished":"2021-05-22T21:11:43+00:00","dateModified":"2021-05-23T19:59:29+00:00","breadcrumb":{"@id":"https:\/\/www.gabrielfabri.com.br\/?page_id=829#breadcrumb"},"inLanguage":"en-US","potentialAction":[{"@type":"ReadAction","target":["https:\/\/www.gabrielfabri.com.br\/?page_id=829"]}]},{"@type":"ImageObject","inLanguage":"en-US","@id":"https:\/\/www.gabrielfabri.com.br\/?page_id=829#primaryimage","url":"https:\/\/gabrielfabri.com.br\/wp-content\/uploads\/2021\/05\/WhatsApp-Image-2020-05-05-at-14.25.28.jpeg","contentUrl":"https:\/\/gabrielfabri.com.br\/wp-content\/uploads\/2021\/05\/WhatsApp-Image-2020-05-05-at-14.25.28.jpeg","width":705,"height":1125},{"@type":"BreadcrumbList","@id":"https:\/\/www.gabrielfabri.com.br\/?page_id=829#breadcrumb","itemListElement":[{"@type":"ListItem","position":1,"name":"In\u00edcio","item":"https:\/\/gabrielfabri.com.br\/"},{"@type":"ListItem","position":2,"name":"Meus Livros"}]},{"@type":"WebSite","@id":"https:\/\/gabrielfabri.com.br\/#website","url":"https:\/\/gabrielfabri.com.br\/","name":"Gabriel Fabri","description":"Escritor e Jornalista","potentialAction":[{"@type":"SearchAction","target":{"@type":"EntryPoint","urlTemplate":"https:\/\/gabrielfabri.com.br\/?s={search_term_string}"},"query-input":{"@type":"PropertyValueSpecification","valueRequired":true,"valueName":"search_term_string"}}],"inLanguage":"en-US"}]}},"_links":{"self":[{"href":"https:\/\/gabrielfabri.com.br\/index.php?rest_route=\/wp\/v2\/pages\/829","targetHints":{"allow":["GET"]}}],"collection":[{"href":"https:\/\/gabrielfabri.com.br\/index.php?rest_route=\/wp\/v2\/pages"}],"about":[{"href":"https:\/\/gabrielfabri.com.br\/index.php?rest_route=\/wp\/v2\/types\/page"}],"author":[{"embeddable":true,"href":"https:\/\/gabrielfabri.com.br\/index.php?rest_route=\/wp\/v2\/users\/1"}],"replies":[{"embeddable":true,"href":"https:\/\/gabrielfabri.com.br\/index.php?rest_route=%2Fwp%2Fv2%2Fcomments&post=829"}],"version-history":[{"count":7,"href":"https:\/\/gabrielfabri.com.br\/index.php?rest_route=\/wp\/v2\/pages\/829\/revisions"}],"predecessor-version":[{"id":920,"href":"https:\/\/gabrielfabri.com.br\/index.php?rest_route=\/wp\/v2\/pages\/829\/revisions\/920"}],"wp:attachment":[{"href":"https:\/\/gabrielfabri.com.br\/index.php?rest_route=%2Fwp%2Fv2%2Fmedia&parent=829"}],"curies":[{"name":"wp","href":"https:\/\/api.w.org\/{rel}","templated":true}]}}